{"id":7733,"date":"2025-11-13T15:40:40","date_gmt":"2025-11-13T14:40:40","guid":{"rendered":"https:\/\/spheratechnologies.com\/note-legali\/"},"modified":"2025-11-13T15:40:40","modified_gmt":"2025-11-13T14:40:40","slug":"note-legali","status":"publish","type":"page","link":"https:\/\/spheratechnologies.com\/es\/note-legali\/","title":{"rendered":"Note legali"},"content":{"rendered":"[vc_row type=\u00bbin_container\u00bb full_screen_row_position=\u00bbmiddle\u00bb column_margin=\u00bbdefault\u00bb column_direction=\u00bbdefault\u00bb column_direction_tablet=\u00bbdefault\u00bb column_direction_phone=\u00bbdefault\u00bb scene_position=\u00bbcenter\u00bb text_color=\u00bbdark\u00bb text_align=\u00bbleft\u00bb row_border_radius=\u00bbnone\u00bb row_border_radius_applies=\u00bbbg\u00bb overflow=\u00bbvisible\u00bb overlay_strength=\u00bb0.3&#8243; gradient_direction=\u00bbleft_to_right\u00bb shape_divider_position=\u00bbbottom\u00bb bg_image_animation=\u00bbnone\u00bb][vc_column column_padding=\u00bbno-extra-padding\u00bb column_padding_tablet=\u00bbinherit\u00bb column_padding_phone=\u00bbinherit\u00bb column_padding_position=\u00bball\u00bb column_element_direction_desktop=\u00bbdefault\u00bb column_element_spacing=\u00bbdefault\u00bb desktop_text_alignment=\u00bbdefault\u00bb tablet_text_alignment=\u00bbdefault\u00bb phone_text_alignment=\u00bbdefault\u00bb background_color_opacity=\u00bb1&#8243; background_hover_color_opacity=\u00bb1&#8243; column_backdrop_filter=\u00bbnone\u00bb column_shadow=\u00bbnone\u00bb column_border_radius=\u00bbnone\u00bb column_link_target=\u00bb_self\u00bb column_position=\u00bbdefault\u00bb gradient_direction=\u00bbleft_to_right\u00bb overlay_strength=\u00bb0.3&#8243; width=\u00bb1\/1&#8243; tablet_width_inherit=\u00bbdefault\u00bb animation_type=\u00bbdefault\u00bb bg_image_animation=\u00bbnone\u00bb border_type=\u00bbsimple\u00bb column_border_width=\u00bbnone\u00bb column_border_style=\u00bbsolid\u00bb][vc_column_text css=\u00bb\u00bb text_direction=\u00bbdefault\u00bb]\n<h2><b>Informazioni legali e condizioni di utilizzo<\/b><\/h2>\n[\/vc_column_text][vc_column_text css=\u00bb\u00bb text_direction=\u00bbdefault\u00bb]\n<h3><b>Informazioni sulla societ\u00e0<\/b><\/h3>\n<p><span style=\"font-weight: 400;\">Fenix Group srl<\/span><span style=\"font-weight: 400;\"><br \/>\n<\/span><span style=\"font-weight: 400;\"> Sede Legale: Via Agostinone, 9 \u2013 Montesilvano (PE)<\/span><span style=\"font-weight: 400;\"><br \/>\n<\/span><span style=\"font-weight: 400;\"> Sede Operativa: Strada Lungofino, 187 \u2013 C. C. Ibisco \u2013 B9\/10 \u2013 Citt\u00e0 Sant\u2019Angelo (PE)<\/span><span style=\"font-weight: 400;\"><br \/>\n<\/span><span style=\"font-weight: 400;\"> Cod. Fisc. \/ P.IVA 02154980680<\/span><span style=\"font-weight: 400;\"><br \/>\n<\/span><span style=\"font-weight: 400;\"> Tel. +39 085 4483235<\/span><span style=\"font-weight: 400;\"><br \/>\n<\/span><span style=\"font-weight: 400;\">Web www.spheratechnologies..com e suoi sottodomini (.it, .es, .en)<\/span><span style=\"font-weight: 400;\"><br \/>\n<\/span><span style=\"font-weight: 400;\"> PEC fenixgroupsrl@pec.it<\/span><\/p>\n<h5><b>CONDIZIONI GENERALI DI UTILIZZO<\/b><\/h5>\n<p><span style=\"font-weight: 400;\">Si prega di leggere attentamente le condizioni qui riportate. L\u2019utilizzo del sito implica l\u2019accettazione delle suddette condizioni e quindi navigando nel sito, l\u2019utente dichiara di aver letto e accettato le presenti condizioni di utilizzo e si impegna a rispettarle in ogni sua parte.<\/span><\/p>\n<h5><b>PROPRIET\u00c0 INTELLETTUALE \u2013 COPYRIGHT<\/b><\/h5>\n<p><span style=\"font-weight: 400;\">Il progetto e tutti i contenuti (marchi, testi, immagini, sia fotografiche che d\u2019illustrazione digitale, video, scelta dei colori) del sito www.spheratechnologies.com e suoi sottodomini (.it,\u00a0 .es, .en) sono di propriet\u00e0 della Societ\u00e0 Fenix Group srl e sono protetti dalla vigente normativa in merito al diritto d\u2019autore e ai diritti di propriet\u00e0 industriale. Sono utilizzabili a solo scopo informativo o personale; \u00e8 fatto espresso divieto di effettuarne qualsiasi uso commerciale e\/o distribuzione su altro supporto informatico; \u00e8 altres\u00ec proibito apportarvi modifiche.<\/span><span style=\"font-weight: 400;\"><br \/>\n<\/span><span style=\"font-weight: 400;\"> Nessuno dei contenuti pu\u00f2 essere, in tutto o in parte, copiato, imitato o riprodotto in qualsiasi forma e\/o con qualsiasi mezzo o supporto.<\/span><span style=\"font-weight: 400;\"><br \/>\n<\/span><span style=\"font-weight: 400;\"> \u00c8 altres\u00ec vietata la riproduzione da parte di potenziali concorrenti della grafica del sito web di cui \u00e8 titolare la societ\u00e0. Nessun logo, elemento grafico, suono o immagine tratto dal Sito pu\u00f2 essere copiato o riprodotto senza autorizzazione scritta della societ\u00e0.<\/span><\/p>\n<h5><b>MARCHI \u2013 BREVETTI<\/b><\/h5>\n<p><span style=\"font-weight: 400;\">I nomi e marchi, anche figurativi, di prodotti, servizi e societ\u00e0 presenti\/citati nel Sito sono di propriet\u00e0 e registrati in Italia e a livello Internazionale, pertanto, il loro uso pu\u00f2 avvenire soltanto in conformit\u00e0 alla normativa vigente.<\/span><span style=\"font-weight: 400;\"><br \/>\n<\/span><span style=\"font-weight: 400;\"> I macchinari riprodotti fotograficamente nel Sito sono tutti oggetti di privative intellettuali di esclusiva titolarit\u00e0 della Societ\u00e0 Fenix Group; pertanto ogni plagio e\/o contraffazione verr\u00e0 perseguita a norma di legge.<\/span><span style=\"font-weight: 400;\"><br \/>\n<\/span><span style=\"font-weight: 400;\"> Le parole e frasi contenuti nel presente Sito possono essere marchio registrato della Societ\u00e0 o di altri soggetti legittimati.<\/span><span style=\"font-weight: 400;\"><br \/>\n<\/span><span style=\"font-weight: 400;\"> I trasgressori alle vigenti normative in materia di propriet\u00e0 industriale ed intellettuale sono passibili delle applicabili sanzioni civili, amministrative e penali.<\/span><\/p>\n<h5><b>LINK<\/b><\/h5>\n<p><span style=\"font-weight: 400;\">Fenix Group srl declina formalmente qualsiasi responsabilit\u00e0 per quanto riguarda i contenuti di siti collegati ai link presenti su questo sito che rimandano a pagine web diverse da quelle dei siti di propriet\u00e0 di Fenix Group srl. Fenix Group srl non ha alcun controllo sul contenuto di tali siti ed in qualit\u00e0 di mero terzo non ha alcuna responsabilit\u00e0 per i contenuti ed il materiale, anche pubblicitario, divulgato su tali siti o per i prodotti o servizi offerti. Tali prodotti o servizi non possono considerarsi in alcun modo sponsorizzati, condivisi o supportati da Fenix Group srl.<\/span>[\/vc_column_text][\/vc_column][\/vc_row]\n","protected":false},"excerpt":{"rendered":"<p>[vc_row type=\u00bbin_container\u00bb full_screen_row_position=\u00bbmiddle\u00bb column_margin=\u00bbdefault\u00bb column_direction=\u00bbdefault\u00bb column_direction_tablet=\u00bbdefault\u00bb column_direction_phone=\u00bbdefault\u00bb scene_position=\u00bbcenter\u00bb text_color=\u00bbdark\u00bb text_align=\u00bbleft\u00bb row_border_radius=\u00bbnone\u00bb row_border_radius_applies=\u00bbbg\u00bb overflow=\u00bbvisible\u00bb overlay_strength=\u00bb0.3&#8243; gradient_direction=\u00bbleft_to_right\u00bb shape_divider_position=\u00bbbottom\u00bb bg_image_animation=\u00bbnone\u00bb][vc_column column_padding=\u00bbno-extra-padding\u00bb column_padding_tablet=\u00bbinherit\u00bb column_padding_phone=\u00bbinherit\u00bb column_padding_position=\u00bball\u00bb column_element_direction_desktop=\u00bbdefault\u00bb column_element_spacing=\u00bbdefault\u00bb desktop_text_alignment=\u00bbdefault\u00bb tablet_text_alignment=\u00bbdefault\u00bb phone_text_alignment=\u00bbdefault\u00bb background_color_opacity=\u00bb1&#8243; background_hover_color_opacity=\u00bb1&#8243; column_backdrop_filter=\u00bbnone\u00bb column_shadow=\u00bbnone\u00bb&#8230;<\/p>\n","protected":false},"author":2,"featured_media":0,"parent":0,"menu_order":0,"comment_status":"closed","ping_status":"closed","template":"","meta":{"footnotes":""},"class_list":["post-7733","page","type-page","status-publish"],"_links":{"self":[{"href":"https:\/\/spheratechnologies.com\/es\/wp-json\/wp\/v2\/pages\/7733","targetHints":{"allow":["GET"]}}],"collection":[{"href":"https:\/\/spheratechnologies.com\/es\/wp-json\/wp\/v2\/pages"}],"about":[{"href":"https:\/\/spheratechnologies.com\/es\/wp-json\/wp\/v2\/types\/page"}],"author":[{"embeddable":true,"href":"https:\/\/spheratechnologies.com\/es\/wp-json\/wp\/v2\/users\/2"}],"replies":[{"embeddable":true,"href":"https:\/\/spheratechnologies.com\/es\/wp-json\/wp\/v2\/comments?post=7733"}],"version-history":[{"count":0,"href":"https:\/\/spheratechnologies.com\/es\/wp-json\/wp\/v2\/pages\/7733\/revisions"}],"wp:attachment":[{"href":"https:\/\/spheratechnologies.com\/es\/wp-json\/wp\/v2\/media?parent=7733"}],"curies":[{"name":"wp","href":"https:\/\/api.w.org\/{rel}","templated":true}]}}